{"id":236,"date":"2026-03-03T21:57:23","date_gmt":"2026-03-03T20:57:23","guid":{"rendered":"https:\/\/www.zspisarov.cz\/?page_id=236"},"modified":"2026-03-04T22:03:08","modified_gmt":"2026-03-04T21:03:08","slug":"skolni-poradenske-pracoviste","status":"publish","type":"page","link":"https:\/\/www.zspisarov.cz\/?page_id=236","title":{"rendered":"\u0160koln\u00ed poradensk\u00e9 pracovi\u0161t\u011b"},"content":{"rendered":"\n<p><strong>\u0160koln\u00ed poradensk\u00e9 pracovi\u0161t\u011b<\/strong><\/p>\n\n\n\n<p>\u0160koln\u00ed poradensk\u00e9 pracovi\u0161t\u011b (\u0160PP) poskytuje poradensk\u00e9 slu\u017eby \u017e\u00e1k\u016fm, d\u011btem, jejich z\u00e1konn\u00fdm z\u00e1stupc\u016fm i pedagogick\u00fdm pracovn\u00edk\u016fm \u0161koly.<\/p>\n\n\n\n<p>Smyslem t\u011bchto slu\u017eeb je vytv\u00e1\u0159et vhodn\u00e9 podm\u00ednky pro vzd\u011bl\u00e1v\u00e1n\u00ed a v\u0161estrann\u00fd rozvoj \u017e\u00e1k\u016f i d\u011bt\u00ed a podporovat p\u0159\u00edzniv\u00e9, bezpe\u010dn\u00e9 a respektuj\u00edc\u00ed klima ve \u0161kole. \u0160koln\u00ed poradensk\u00e9 pracovi\u0161t\u011b usiluje o to, aby se ka\u017ed\u00fd \u017e\u00e1k i ka\u017ed\u00e9 d\u00edt\u011b mohli vzd\u011bl\u00e1vat podle sv\u00fdch mo\u017enost\u00ed a pot\u0159eb.<\/p>\n\n\n\n<p><strong>\u010clenov\u00e9 \u0161koln\u00edho poradensk\u00e9ho pracovi\u0161t\u011b k&nbsp;1. 9. 2025<\/strong><\/p>\n\n\n\n<p><strong>V\u00fdchovn\u00fd poradce:<\/strong>&nbsp;<strong>Mgr. Vladana P\u00e1vkov\u00e1, <\/strong>z\u00e1stupce \u0158\u0160<\/p>\n\n\n\n<p>tel. 799 545&nbsp;145, e-mail: zs.pisarov@email.cz<\/p>\n\n\n\n<p>V\u00fdchovn\u00fd poradce se v\u011bnuje zejm\u00e9na:<\/p>\n\n\n\n<ul class=\"wp-block-list\">\n<li>p\u00e9\u010di o \u017e\u00e1ky se speci\u00e1ln\u00edmi vzd\u011bl\u00e1vac\u00edmi pot\u0159ebami<\/li>\n\n\n\n<li>spolupr\u00e1ci s u\u010diteli, z\u00e1konn\u00fdmi z\u00e1stupci, poradensk\u00fdmi za\u0159\u00edzen\u00edmi<\/li>\n\n\n\n<li>\u0159e\u0161en\u00ed vzd\u011bl\u00e1vac\u00edch obt\u00ed\u017e\u00ed a probl\u00e9m\u016f v\u00a0u\u010den\u00ed<\/li>\n<\/ul>\n\n\n\n<p><strong>\u0160koln\u00ed metodik prevence:&nbsp;<\/strong><strong>Mgr. Ji\u0159\u00ed Pavlas, MBA<\/strong>, \u0159editel \u0161koly<\/p>\n\n\n\n<p>tel. 724 187 195, e-mail: zs.pisarov@email.cz<\/p>\n\n\n\n<p>\u0160koln\u00ed metodik prevence zaji\u0161\u0165uje zejm\u00e9na:<\/p>\n\n\n\n<ul class=\"wp-block-list\">\n<li>realizaci Minim\u00e1ln\u00edho preventivn\u00edho programu ve \u0161kole<\/li>\n\n\n\n<li>organizaci a koordinaci preventivn\u00edch aktivit a program\u016f<\/li>\n\n\n\n<li>prevenci soci\u00e1ln\u011b patologick\u00fdch jev\u016f<\/li>\n\n\n\n<li>spolupr\u00e1ci s u\u010diteli, z\u00e1konn\u00fdmi z\u00e1stupci, s poradensk\u00fdmi a preventivn\u00edmi za\u0159\u00edzen\u00edmi<\/li>\n<\/ul>\n\n\n\n<p><strong>\u010clen \u0160PP, konzultant:&nbsp;<\/strong><strong>Mgr. Hana Pavlasov\u00e1,<\/strong> vychovatelka \u0160D<\/p>\n\n\n\n<p>V\u011bnuje se zejm\u00e9na:<\/p>\n\n\n\n<ul class=\"wp-block-list\">\n<li>veden\u00ed dokumentace u \u017e\u00e1k\u016f se speci\u00e1ln\u00edmi vzd\u011bl\u00e1vac\u00edmi pot\u0159ebami<\/li>\n\n\n\n<li>tvorb\u011b dokumentace \u0160PP<\/li>\n<\/ul>\n\n\n\n<p><strong>Konzulta\u010dn\u00ed hodiny, kontakt na \u0160PP<\/strong><\/p>\n\n\n\n<ul class=\"wp-block-list\">\n<li>konzultace: dle p\u0159edchoz\u00ed domluvy<\/li>\n\n\n\n<li>e-mail: zs.pisarov@email.cz<\/li>\n\n\n\n<li>tel.: 724\u00a0187 195<\/li>\n<\/ul>\n\n\n\n<p><strong>Hlavn\u00ed c\u00edle \u0160PP<\/strong><\/p>\n\n\n\n<ul class=\"wp-block-list\">\n<li>p\u00e9\u010de o \u017e\u00e1ky a d\u011bti se speci\u00e1ln\u00edmi vzd\u011bl\u00e1vac\u00edmi pot\u0159ebami a nadan\u00e9<\/li>\n\n\n\n<li>prevence \u0161koln\u00ed ne\u00fasp\u011b\u0161nosti<\/li>\n\n\n\n<li>prevence rizikov\u00e9ho chov\u00e1n\u00ed<\/li>\n\n\n\n<li>metodick\u00e1 podpora pedagogick\u00fdch pracovn\u00edk\u016f<\/li>\n<\/ul>\n\n\n\n<p><strong>Dokumentaci \u0160PP najdete v\u00a0sekci <\/strong><a href=\"https:\/\/www.zspisarov.cz\/?page_id=187\" data-type=\"page\" data-id=\"187\">Dokumenty<\/a>.<\/p>\n\n\n\n<p><\/p>\n","protected":false},"excerpt":{"rendered":"<p>\u0160koln\u00ed poradensk\u00e9 pracovi\u0161t\u011b \u0160koln\u00ed poradensk\u00e9 pracovi\u0161t\u011b (\u0160PP) poskytuje poradensk\u00e9 slu\u017eby \u017e\u00e1k\u016fm, d\u011btem, jejich z\u00e1konn\u00fdm z\u00e1stupc\u016fm i pedagogick\u00fdm pracovn\u00edk\u016fm \u0161koly. Smyslem t\u011bchto slu\u017eeb je vytv\u00e1\u0159et vhodn\u00e9 podm\u00ednky pro vzd\u011bl\u00e1v\u00e1n\u00ed a v\u0161estrann\u00fd rozvoj \u017e\u00e1k\u016f i d\u011bt\u00ed a podporovat p\u0159\u00edzniv\u00e9, bezpe\u010dn\u00e9 a respektuj\u00edc\u00ed<\/p>\n","protected":false},"author":1,"featured_media":0,"parent":0,"menu_order":0,"comment_status":"closed","ping_status":"closed","template":"","meta":{"footnotes":""},"class_list":["post-236","page","type-page","status-publish","hentry"],"_links":{"self":[{"href":"https:\/\/www.zspisarov.cz\/index.php?rest_route=\/wp\/v2\/pages\/236","targetHints":{"allow":["GET"]}}],"collection":[{"href":"https:\/\/www.zspisarov.cz\/index.php?rest_route=\/wp\/v2\/pages"}],"about":[{"href":"https:\/\/www.zspisarov.cz\/index.php?rest_route=\/wp\/v2\/types\/page"}],"author":[{"embeddable":true,"href":"https:\/\/www.zspisarov.cz\/index.php?rest_route=\/wp\/v2\/users\/1"}],"replies":[{"embeddable":true,"href":"https:\/\/www.zspisarov.cz\/index.php?rest_route=%2Fwp%2Fv2%2Fcomments&post=236"}],"version-history":[{"count":4,"href":"https:\/\/www.zspisarov.cz\/index.php?rest_route=\/wp\/v2\/pages\/236\/revisions"}],"predecessor-version":[{"id":257,"href":"https:\/\/www.zspisarov.cz\/index.php?rest_route=\/wp\/v2\/pages\/236\/revisions\/257"}],"wp:attachment":[{"href":"https:\/\/www.zspisarov.cz\/index.php?rest_route=%2Fwp%2Fv2%2Fmedia&parent=236"}],"curies":[{"name":"wp","href":"https:\/\/api.w.org\/{rel}","templated":true}]}}