{"id":186,"date":"2026-03-02T20:45:55","date_gmt":"2026-03-02T19:45:55","guid":{"rendered":"https:\/\/www.zspisarov.cz\/?page_id=186"},"modified":"2026-03-04T21:56:44","modified_gmt":"2026-03-04T20:56:44","slug":"skolska-rada","status":"publish","type":"page","link":"https:\/\/www.zspisarov.cz\/?page_id=186","title":{"rendered":"\u0160kolsk\u00e1 rada"},"content":{"rendered":"\n<p>\u0160kolsk\u00e1 rada p\u0159i Z\u0160 P\u00edsa\u0159ov je \u0161esti\u010dlenn\u00e1 a od listopadu 2024 obdob\u00ed pracuje ve slo\u017een\u00ed:<\/p>\n\n\n\n<p><strong>za z\u00e1konn\u00e9 z\u00e1stupce zvolen\u00ed: Helena Krmelov\u00e1, Zde\u0148ka Kobzov\u00e1<\/strong><\/p>\n\n\n\n<p>(volby prob\u011bhly v term\u00ednu: 14.11. \u2013 15.11.2024) &nbsp;&nbsp;&nbsp;&nbsp;&nbsp;&nbsp;&nbsp;&nbsp;&nbsp;&nbsp;&nbsp;&nbsp;&nbsp;&nbsp;&nbsp;&nbsp;&nbsp;&nbsp;&nbsp;&nbsp;&nbsp;&nbsp;&nbsp;&nbsp;&nbsp;&nbsp;&nbsp;&nbsp;&nbsp;&nbsp;&nbsp;&nbsp;&nbsp;&nbsp;&nbsp;&nbsp;&nbsp;&nbsp;&nbsp;&nbsp;&nbsp;&nbsp;&nbsp;&nbsp;&nbsp;&nbsp;&nbsp;&nbsp;&nbsp;<\/p>\n\n\n\n<p><strong>za pedagogick\u00e9 pracovn\u00edky zvolen\u00ed: Mgr. Vladana P\u00e1vkov\u00e1, Mgr. Mark\u00e9ta Drl\u00edkov\u00e1 <\/strong>(do 31.8.2025)(volby prob\u011bhly v term\u00ednu: 14.11. \u2013 15.11.2024), od 1.9.2025 <strong>Mgr. Zuzana P\u00e1vkov\u00e1<\/strong><\/p>\n\n\n\n<p><strong>za z\u0159izovatele jmenov\u00e1ni: Ing. Ladislav Dra\u017en\u00fd, Radek Bul\u00edn<\/strong><\/p>\n\n\n\n<p>(jmenov\u00e1n\u00ed Zastupitelstvem obce)<\/p>\n\n\n\n<p>Kontakty \u2013 p\u0159edsedkyn\u011b \u0161kolsk\u00e9 rady<br><br><strong>Mgr. Zuzana P\u00e1vkov\u00e1<\/strong><br>tel. 799 545\u00a0145<br>e-mail: pavkova.zuzana@seznam.cz<\/p>\n","protected":false},"excerpt":{"rendered":"<p>\u0160kolsk\u00e1 rada p\u0159i Z\u0160 P\u00edsa\u0159ov je \u0161esti\u010dlenn\u00e1 a od listopadu 2024 obdob\u00ed pracuje ve slo\u017een\u00ed: za z\u00e1konn\u00e9 z\u00e1stupce zvolen\u00ed: Helena Krmelov\u00e1, Zde\u0148ka Kobzov\u00e1 (volby prob\u011bhly v term\u00ednu: 14.11. \u2013 15.11.2024) &nbsp;&nbsp;&nbsp;&nbsp;&nbsp;&nbsp;&nbsp;&nbsp;&nbsp;&nbsp;&nbsp;&nbsp;&nbsp;&nbsp;&nbsp;&nbsp;&nbsp;&nbsp;&nbsp;&nbsp;&nbsp;&nbsp;&nbsp;&nbsp;&nbsp;&nbsp;&nbsp;&nbsp;&nbsp;&nbsp;&nbsp;&nbsp;&nbsp;&nbsp;&nbsp;&nbsp;&nbsp;&nbsp;&nbsp;&nbsp;&nbsp;&nbsp;&nbsp;&nbsp;&nbsp;&nbsp;&nbsp;&nbsp;&nbsp; za pedagogick\u00e9 pracovn\u00edky zvolen\u00ed: Mgr. Vladana P\u00e1vkov\u00e1, Mgr. Mark\u00e9ta<\/p>\n","protected":false},"author":1,"featured_media":0,"parent":0,"menu_order":0,"comment_status":"closed","ping_status":"closed","template":"","meta":{"footnotes":""},"class_list":["post-186","page","type-page","status-publish","hentry"],"_links":{"self":[{"href":"https:\/\/www.zspisarov.cz\/index.php?rest_route=\/wp\/v2\/pages\/186","targetHints":{"allow":["GET"]}}],"collection":[{"href":"https:\/\/www.zspisarov.cz\/index.php?rest_route=\/wp\/v2\/pages"}],"about":[{"href":"https:\/\/www.zspisarov.cz\/index.php?rest_route=\/wp\/v2\/types\/page"}],"author":[{"embeddable":true,"href":"https:\/\/www.zspisarov.cz\/index.php?rest_route=\/wp\/v2\/users\/1"}],"replies":[{"embeddable":true,"href":"https:\/\/www.zspisarov.cz\/index.php?rest_route=%2Fwp%2Fv2%2Fcomments&post=186"}],"version-history":[{"count":2,"href":"https:\/\/www.zspisarov.cz\/index.php?rest_route=\/wp\/v2\/pages\/186\/revisions"}],"predecessor-version":[{"id":252,"href":"https:\/\/www.zspisarov.cz\/index.php?rest_route=\/wp\/v2\/pages\/186\/revisions\/252"}],"wp:attachment":[{"href":"https:\/\/www.zspisarov.cz\/index.php?rest_route=%2Fwp%2Fv2%2Fmedia&parent=186"}],"curies":[{"name":"wp","href":"https:\/\/api.w.org\/{rel}","templated":true}]}}