{"id":185,"date":"2026-03-02T20:45:55","date_gmt":"2026-03-02T19:45:55","guid":{"rendered":"https:\/\/www.zspisarov.cz\/?page_id=185"},"modified":"2026-03-04T21:55:03","modified_gmt":"2026-03-04T20:55:03","slug":"skolni-jidelna","status":"publish","type":"page","link":"https:\/\/www.zspisarov.cz\/?page_id=185","title":{"rendered":"\u0160koln\u00ed j\u00eddelna"},"content":{"rendered":"\n<p>Sou\u010d\u00e1st\u00ed \u0161koly je \u0161koln\u00ed kuchyn\u011b a j\u00eddelna. Stravovac\u00ed za\u0159\u00edzen\u00ed zaji\u0161\u0165uje stravov\u00e1n\u00ed pro \u017e\u00e1ky i zam\u011bstnance \u0161koly. \u0160koln\u00ed kuchy\u0148 a j\u00eddelna je nov\u011b opravena. Sou\u010d\u00e1st\u00ed mate\u0159sk\u00e9 \u0161koly je tak\u00e9 \u0161koln\u00ed j\u00eddelna \u2013 v\u00fddejna. Ve \u0161koln\u00ed j\u00eddeln\u011b pracuje zku\u0161en\u00fd tandem hlavn\u00ed kucha\u0159ky a vedouc\u00ed \u0161koln\u00ed j\u00eddelny, kter\u00e9 je z\u00e1rove\u0148 kucha\u0159kou. Na\u0161e \u0161koln\u00ed j\u00eddelna posiluje zdrav\u00e9 stravovac\u00ed n\u00e1vyky d\u011bt\u00ed a \u017e\u00e1k\u016f a v&nbsp;leto\u0161n\u00edm roce je tak\u00e9 zapojena do projektu \u201eOd vidl\u00ed po vidli\u010dku\u201c, jeho\u017e smyslem je p\u0159\u00edprava stravy z&nbsp;region\u00e1ln\u00edch produkt\u016f.<\/p>\n\n\n\n<p><strong>Kontakty \u2013 vedouc\u00ed \u0161koln\u00ed j\u00eddelny<\/strong><br>Ivana \u0160lesingrov\u00e1<br>tel. 725 854\u00a0980<br>e-mail: sjpisarov@<strong>seznam.cz<\/strong><\/p>\n\n\n\n<p><strong>Vnit\u0159n\u00ed \u0159\u00e1dy \u0161koln\u00ed j\u00eddelny a \u0161koln\u00ed j\u00eddelny-v\u00fddejny najdete v\u00a0sekci <\/strong><a href=\"https:\/\/www.zspisarov.cz\/?page_id=187\" data-type=\"page\" data-id=\"187\">Dokumenty<\/a>.<\/p>\n","protected":false},"excerpt":{"rendered":"<p>Sou\u010d\u00e1st\u00ed \u0161koly je \u0161koln\u00ed kuchyn\u011b a j\u00eddelna. Stravovac\u00ed za\u0159\u00edzen\u00ed zaji\u0161\u0165uje stravov\u00e1n\u00ed pro \u017e\u00e1ky i zam\u011bstnance \u0161koly. \u0160koln\u00ed kuchy\u0148 a j\u00eddelna je nov\u011b opravena. Sou\u010d\u00e1st\u00ed mate\u0159sk\u00e9 \u0161koly je tak\u00e9 \u0161koln\u00ed j\u00eddelna \u2013 v\u00fddejna. Ve \u0161koln\u00ed j\u00eddeln\u011b pracuje zku\u0161en\u00fd tandem hlavn\u00ed kucha\u0159ky<\/p>\n","protected":false},"author":1,"featured_media":0,"parent":0,"menu_order":0,"comment_status":"closed","ping_status":"closed","template":"","meta":{"footnotes":""},"class_list":["post-185","page","type-page","status-publish","hentry"],"_links":{"self":[{"href":"https:\/\/www.zspisarov.cz\/index.php?rest_route=\/wp\/v2\/pages\/185","targetHints":{"allow":["GET"]}}],"collection":[{"href":"https:\/\/www.zspisarov.cz\/index.php?rest_route=\/wp\/v2\/pages"}],"about":[{"href":"https:\/\/www.zspisarov.cz\/index.php?rest_route=\/wp\/v2\/types\/page"}],"author":[{"embeddable":true,"href":"https:\/\/www.zspisarov.cz\/index.php?rest_route=\/wp\/v2\/users\/1"}],"replies":[{"embeddable":true,"href":"https:\/\/www.zspisarov.cz\/index.php?rest_route=%2Fwp%2Fv2%2Fcomments&post=185"}],"version-history":[{"count":2,"href":"https:\/\/www.zspisarov.cz\/index.php?rest_route=\/wp\/v2\/pages\/185\/revisions"}],"predecessor-version":[{"id":251,"href":"https:\/\/www.zspisarov.cz\/index.php?rest_route=\/wp\/v2\/pages\/185\/revisions\/251"}],"wp:attachment":[{"href":"https:\/\/www.zspisarov.cz\/index.php?rest_route=%2Fwp%2Fv2%2Fmedia&parent=185"}],"curies":[{"name":"wp","href":"https:\/\/api.w.org\/{rel}","templated":true}]}}