{"id":184,"date":"2026-03-02T20:45:55","date_gmt":"2026-03-02T19:45:55","guid":{"rendered":"https:\/\/www.zspisarov.cz\/?page_id=184"},"modified":"2026-03-04T21:52:32","modified_gmt":"2026-03-04T20:52:32","slug":"skolni-druzina","status":"publish","type":"page","link":"https:\/\/www.zspisarov.cz\/?page_id=184","title":{"rendered":"\u0160koln\u00ed dru\u017eina"},"content":{"rendered":"\n<p>\u0160koln\u00ed dru\u017eina p\u0159i Z\u0160 P\u00edsa\u0159ov nab\u00edz\u00ed d\u011btem aktivn\u00ed vyu\u017eit\u00ed voln\u00e9ho \u010dasu, p\u0159edev\u0161\u00edm v&nbsp;dob\u011b mimo vyu\u010dov\u00e1n\u00ed. Rann\u00ed dru\u017eina je otev\u0159ena od 6,15 hod. do 7,50 hod a n\u00e1sledn\u011b po vyu\u010dov\u00e1n\u00ed od 11,40 hod. do 16,15 hod. \u0160koln\u00ed dru\u017eina zaji\u0161\u0165uje d\u011btem odpo\u010dinek a rekreaci, zejm\u00e9na v\u0161ak z\u00e1jmovou \u010dinnost, takt\u00e9\u017e umo\u017e\u0148uje p\u0159\u00edpravu na vyu\u010dov\u00e1n\u00ed a podporuje sebeobslu\u017en\u00e9 \u010dinnosti. V&nbsp;r\u00e1mci \u0161koln\u00ed dru\u017einy prob\u00edh\u00e1 \u0159ada krou\u017ek\u016f.<\/p>\n\n\n\n<p>V&nbsp;r\u00e1mci \u0161koln\u00edho vzd\u011bl\u00e1vac\u00edho programu preferujeme m\u00edstn\u011b zakotven\u00e9 u\u010den\u00ed. S&nbsp;ohledem na lokalitu m\u00e1me velk\u00fd potenci\u00e1l pro rozvoj environment\u00e1ln\u00ed v\u00fdchovy a polytechnick\u00e9ho vzd\u011bl\u00e1v\u00e1n\u00ed. Rozvoj technick\u00e9 gramotnosti a environment\u00e1ln\u00ed t\u00e9mata aplikujeme p\u0159i realizaci projektov\u00fdch dn\u016f, didaktick\u00fdch v\u00fdukov\u00fdch programech na PC, venku p\u0159i ka\u017edodenn\u00edch aktivit\u00e1ch a proch\u00e1zk\u00e1ch po okol\u00ed.<\/p>\n\n\n\n<p>Provoz \u0161koln\u00ed dru\u017einy je zaji\u0161\u0165ov\u00e1n zpravidla v&nbsp;budov\u011b \u010d. p. 70, d\u00e1le v prostor\u00e1ch \u0161koln\u00ed zahrady, \u0161koln\u00edho h\u0159i\u0161t\u011b, fotbalov\u00e9ho h\u0159i\u0161t\u011b, s\u00e1le O\u00da, \u010di v&nbsp;budov\u011b \u010d. p. 216. K&nbsp;pobytu ve \u0161koln\u00ed dru\u017ein\u011b je vyu\u017e\u00edv\u00e1na u\u010debna v&nbsp;p\u0159\u00edzem\u00ed. D\u00e1le jsou vyu\u017e\u00edv\u00e1ny venkovn\u00ed prostory zahrady, \u0161koln\u00ed h\u0159i\u0161t\u011b a s\u00e1l O\u00da P\u00edsa\u0159ov.<\/p>\n\n\n\n<p><strong>\u0160koln\u00ed vzd\u011bl\u00e1vac\u00ed program \u0160D \u201eU\u010d\u00edme se hrou\u201c a \u0159\u00e1dy \u0160D najdete v\u00a0sekci <\/strong><a href=\"https:\/\/www.zspisarov.cz\/?page_id=187\" data-type=\"page\" data-id=\"187\">Dokumenty<\/a>.<\/p>\n\n\n\n<p><strong>Kontakty \u0160D:<\/strong><br>Vychovatelky \u0161koln\u00ed dru\u017einy<br>tel. 799 531 945<\/p>\n","protected":false},"excerpt":{"rendered":"<p>\u0160koln\u00ed dru\u017eina p\u0159i Z\u0160 P\u00edsa\u0159ov nab\u00edz\u00ed d\u011btem aktivn\u00ed vyu\u017eit\u00ed voln\u00e9ho \u010dasu, p\u0159edev\u0161\u00edm v&nbsp;dob\u011b mimo vyu\u010dov\u00e1n\u00ed. Rann\u00ed dru\u017eina je otev\u0159ena od 6,15 hod. do 7,50 hod a n\u00e1sledn\u011b po vyu\u010dov\u00e1n\u00ed od 11,40 hod. do 16,15 hod. \u0160koln\u00ed dru\u017eina zaji\u0161\u0165uje d\u011btem odpo\u010dinek<\/p>\n","protected":false},"author":1,"featured_media":0,"parent":0,"menu_order":0,"comment_status":"closed","ping_status":"closed","template":"","meta":{"footnotes":""},"class_list":["post-184","page","type-page","status-publish","hentry"],"_links":{"self":[{"href":"https:\/\/www.zspisarov.cz\/index.php?rest_route=\/wp\/v2\/pages\/184","targetHints":{"allow":["GET"]}}],"collection":[{"href":"https:\/\/www.zspisarov.cz\/index.php?rest_route=\/wp\/v2\/pages"}],"about":[{"href":"https:\/\/www.zspisarov.cz\/index.php?rest_route=\/wp\/v2\/types\/page"}],"author":[{"embeddable":true,"href":"https:\/\/www.zspisarov.cz\/index.php?rest_route=\/wp\/v2\/users\/1"}],"replies":[{"embeddable":true,"href":"https:\/\/www.zspisarov.cz\/index.php?rest_route=%2Fwp%2Fv2%2Fcomments&post=184"}],"version-history":[{"count":2,"href":"https:\/\/www.zspisarov.cz\/index.php?rest_route=\/wp\/v2\/pages\/184\/revisions"}],"predecessor-version":[{"id":249,"href":"https:\/\/www.zspisarov.cz\/index.php?rest_route=\/wp\/v2\/pages\/184\/revisions\/249"}],"wp:attachment":[{"href":"https:\/\/www.zspisarov.cz\/index.php?rest_route=%2Fwp%2Fv2%2Fmedia&parent=184"}],"curies":[{"name":"wp","href":"https:\/\/api.w.org\/{rel}","templated":true}]}}