{"id":183,"date":"2026-03-02T20:45:55","date_gmt":"2026-03-02T19:45:55","guid":{"rendered":"https:\/\/www.zspisarov.cz\/?page_id=183"},"modified":"2026-03-04T21:51:25","modified_gmt":"2026-03-04T20:51:25","slug":"materske-skola","status":"publish","type":"page","link":"https:\/\/www.zspisarov.cz\/?page_id=183","title":{"rendered":"Mate\u0159sk\u00e9 \u0161kola"},"content":{"rendered":"\n<p>M\u0160 P\u00edsa\u0159ov le\u017e\u00ed uprost\u0159ed podhorsk\u00e9 vesnice, obklopen\u00e9 lesy, loukami, v&nbsp;p\u0159\u00edjemn\u00e9m klidn\u00e9m prost\u0159ed\u00ed. Kolem \u0161koly vede pouze jedin\u00e1 vedlej\u0161\u00ed komunikace s&nbsp;velice m\u00edrn\u00fdm provozem. Budova \u0161koly je postavena v&nbsp;70. letech a v&nbsp;roce 2010 pro\u0161la celkovou rekonstrukc\u00ed, kdy je spole\u010dn\u00fdm z\u00e1zem\u00edm pro M\u0160 i Z\u0160. V&nbsp;r. 2022 pro\u0161la dal\u0161\u00ed velkou rekonstrukc\u00ed s&nbsp;c\u00edlem sn\u00ed\u017een\u00ed energetick\u00e9 n\u00e1ro\u010dnosti budovy, zv\u00fd\u0161en\u00ed u\u017eivatelsk\u00e9ho komfortu a zlep\u0161en\u00ed \u0161koln\u00edho prost\u0159ed\u00ed pro d\u011bti i zam\u011bstnance.<\/p>\n\n\n\n<p>Prostory mate\u0159sk\u00e9 \u0161koly se nach\u00e1z\u00ed ve zv\u00fd\u0161en\u00e9m p\u0159\u00edzem\u00ed, kdy p\u0159es \u0161atnu d\u011bti vch\u00e1z\u00ed prostorn\u00e9 t\u0159\u00eddy ve tvaru L. V&nbsp;p\u0159edn\u00ed \u010d\u00e1sti je prostor se stole\u010dky a \u017eidli\u010dkami, kde d\u011bti pracuj\u00ed a stravuj\u00ed se, zadn\u00ed \u010d\u00e1st je rozd\u011blena na dv\u011b prostorn\u00e9 t\u0159\u00eddy. Zaj\u00edmav\u00fdm prvkem o\u017eivuj\u00edc\u00edm prostory je mimo\u00farov\u0148ov\u00e9 \u201ehn\u00edzdo\u201c co\u017e je odd\u011blen\u00fd prostor ke hran\u00ed pln\u00fd ply\u0161ov\u00fdch hra\u010dek a m\u011bkk\u00fdch p\u011bnov\u00fdch skl\u00e1da\u010dek. U\u017eij\u00ed si ho d\u011bti, kter\u00e9 maj\u00ed r\u00e1dy vyv\u00fd\u0161en\u00e9 prostory, a p\u0159itom i trochu soukrom\u00ed. Hn\u00edzdo lze vyu\u017e\u00edt jako relaxa\u010dn\u00ed z\u00f3nu i pro nejmen\u0161\u00ed d\u011bti, kter\u00e9 maj\u00ed zv\u00fd\u0161enou pot\u0159ebu odpo\u010dinku a klidu i b\u011bhem dne. Vstup do hn\u00edzda je po naklon\u011bn\u00e9 rovin\u011b, kterou p\u0159i v\u00fdstupu samoz\u0159ejm\u011b vyu\u017eij\u00ed jako skluzavku. Pod hn\u00edzdem je prostor odd\u011blen\u00fd od t\u0159\u00eddy a osv\u00edcen\u00fd led sv\u011btlem, kter\u00fd mohou rovn\u011b\u017e d\u011bti vyu\u017e\u00edt ke sv\u00fdm hr\u00e1m.&nbsp; Za hernou je lo\u017eni\u010dka se statick\u00fdmi leh\u00e1tky, kde p\u0159i odpoledn\u00edm odpo\u010dinku sp\u00ed p\u0159edev\u0161\u00edm nejmen\u0161\u00ed d\u011bti, proto\u017ee zde nejsou ru\u0161eny \u017e\u00e1dn\u00fdmi vn\u011bj\u0161\u00edmi podn\u011bty. Star\u0161\u00edm d\u011btem se rozkl\u00e1daj\u00ed leh\u00e1tka v&nbsp;zadn\u00ed \u010d\u00e1sti herny.<\/p>\n\n\n\n<p>Jsme \u0161kolkou rodinn\u00e9ho typu s&nbsp;celodenn\u00edm provozem. Je velk\u00fdm pozitivem, \u017ee je na\u0161e mate\u0159sk\u00e1 \u0161kola heterogenn\u00ed, proto\u017ee si zde d\u011bti uv\u011bdomuj\u00ed p\u0159irozen\u00e9 v\u00fdvojov\u00e9 vztahy s&nbsp;r\u016fzn\u011b star\u00fdmi kamar\u00e1dy, mlad\u0161\u00ed se u\u010d\u00ed od star\u0161\u00edch a star\u0161\u00ed zase ochra\u0148ovat a tolerovat ty malink\u00e9. V&nbsp;r. 2023 do\u0161lo k&nbsp;vytvo\u0159en\u00ed dvou t\u0159\u00edd, co\u017e je velk\u00e1 v\u00fdhoda p\u0159ev\u00e1\u017en\u011b p\u0159i \u0159\u00edzen\u00fdch \u010dinnostech, kdy se aktivity mohou p\u0159ipravit speci\u00e1ln\u011b pro men\u0161\u00ed, i pro velik\u00e9 d\u011bti. P\u0159i voln\u00fdch spont\u00e1nn\u00edch z\u00e1jmov\u00fdch aktivit\u00e1ch se ve t\u0159\u00edd\u011b spole\u010dn\u011b potk\u00e1vaj\u00ed v\u0161echny d\u011bti, a to ve v\u011bku od dvou do sedmi let. O d\u011bti v&nbsp;mate\u0159sk\u00e9 \u0161kole se staraj\u00ed t\u0159i pan\u00ed u\u010ditelky, pan\u00ed u\u010ditelka na \u010d\u00e1ste\u010dn\u00fd \u00favazek, asistentka pedagoga a provozn\u00ed pracovnice. Kapacita \u0161koly je 35 d\u011bt\u00ed.<\/p>\n\n\n\n<p>Mate\u0159sk\u00e9 \u0161kole je k&nbsp;dispozici i prostorn\u00e1 dvou\u00farov\u0148ov\u00e1 zahrada se zatravn\u011bnou plochou se stromy. Do zahrady je vstup p\u0159\u00edmo z&nbsp;budovy. D\u011bti mohou vyu\u017e\u00edt horn\u00ed prostory zahrady s koloto\u010dem, pr\u016flezkami, houpa\u010dkami a d\u0159ev\u011bn\u00fdm domkem s&nbsp;provazov\u00fdm chodn\u00ed\u010dkem a skluzavkou. Velmi atraktivn\u00ed je i p\u0159echod do doln\u00ed \u010d\u00e1sti zahrady dlouh\u00fdm tobog\u00e1nem. Zde si zase d\u011bti mohou do sytosti vyhr\u00e1t na zast\u00edn\u011bn\u00e9m p\u00edskovi\u0161ti, vyu\u017e\u00edt 2 hobit\u00ed dome\u010dky pro dobrodru\u017en\u00e9 tajemn\u00e9 hry a mal\u00fd d\u0159ev\u011bn\u00fd domek s&nbsp;tabul\u00ed na kreslen\u00ed k\u0159\u00eddami. Pro dopln\u011bn\u00ed pitn\u00e9ho re\u017eimu p\u0159edev\u0161\u00edm v&nbsp;hork\u00fdch dnech bylo vybudov\u00e1no na zahrad\u011b venkovn\u00ed p\u00edtko, kter\u00e9 se nau\u010dily vyu\u017e\u00edvat v\u0161echny d\u011bti. Rekonstrukce h\u0159i\u0161t\u011b prob\u011bhla v&nbsp;minul\u00e9m roce a na stavby bylo vyu\u017eito p\u0159ev\u00e1\u017en\u011b d\u0159evo, proto zahrada v&nbsp;sou\u010dasn\u00e9 dob\u011b vykazuje vysokou estetickou \u00farove\u0148.<\/p>\n\n\n\n<p><strong>\u0160koln\u00ed vzd\u011bl\u00e1vac\u00ed program M\u0160 \u201eS tebou m\u011b bav\u00ed sv\u011bt\u201c a \u0159\u00e1dy M\u0160 najdete v\u00a0sekci <\/strong><a href=\"https:\/\/www.zspisarov.cz\/?page_id=187\" data-type=\"page\" data-id=\"187\">Dokumenty<\/a><strong>.<\/strong><\/p>\n\n\n\n<p><strong>Kontakty M\u0160:<\/strong><br>Z\u00e1stupce \u0159editele pro M\u0160 \u2013 Bc. Ivana \u0160ulov\u00e1<br>tel. 799 531\u00a0944\u00a0<\/p>\n","protected":false},"excerpt":{"rendered":"<p>M\u0160 P\u00edsa\u0159ov le\u017e\u00ed uprost\u0159ed podhorsk\u00e9 vesnice, obklopen\u00e9 lesy, loukami, v&nbsp;p\u0159\u00edjemn\u00e9m klidn\u00e9m prost\u0159ed\u00ed. Kolem \u0161koly vede pouze jedin\u00e1 vedlej\u0161\u00ed komunikace s&nbsp;velice m\u00edrn\u00fdm provozem. Budova \u0161koly je postavena v&nbsp;70. letech a v&nbsp;roce 2010 pro\u0161la celkovou rekonstrukc\u00ed, kdy je spole\u010dn\u00fdm z\u00e1zem\u00edm pro M\u0160<\/p>\n","protected":false},"author":1,"featured_media":0,"parent":0,"menu_order":0,"comment_status":"closed","ping_status":"closed","template":"","meta":{"footnotes":""},"class_list":["post-183","page","type-page","status-publish","hentry"],"_links":{"self":[{"href":"https:\/\/www.zspisarov.cz\/index.php?rest_route=\/wp\/v2\/pages\/183","targetHints":{"allow":["GET"]}}],"collection":[{"href":"https:\/\/www.zspisarov.cz\/index.php?rest_route=\/wp\/v2\/pages"}],"about":[{"href":"https:\/\/www.zspisarov.cz\/index.php?rest_route=\/wp\/v2\/types\/page"}],"author":[{"embeddable":true,"href":"https:\/\/www.zspisarov.cz\/index.php?rest_route=\/wp\/v2\/users\/1"}],"replies":[{"embeddable":true,"href":"https:\/\/www.zspisarov.cz\/index.php?rest_route=%2Fwp%2Fv2%2Fcomments&post=183"}],"version-history":[{"count":2,"href":"https:\/\/www.zspisarov.cz\/index.php?rest_route=\/wp\/v2\/pages\/183\/revisions"}],"predecessor-version":[{"id":248,"href":"https:\/\/www.zspisarov.cz\/index.php?rest_route=\/wp\/v2\/pages\/183\/revisions\/248"}],"wp:attachment":[{"href":"https:\/\/www.zspisarov.cz\/index.php?rest_route=%2Fwp%2Fv2%2Fmedia&parent=183"}],"curies":[{"name":"wp","href":"https:\/\/api.w.org\/{rel}","templated":true}]}}