{"id":18,"date":"2023-03-28T11:10:04","date_gmt":"2023-03-28T09:10:04","guid":{"rendered":"http:\/\/www.zspisarov.cz\/?page_id=18"},"modified":"2023-03-28T17:32:51","modified_gmt":"2023-03-28T15:32:51","slug":"kontakt","status":"publish","type":"page","link":"https:\/\/www.zspisarov.cz\/?page_id=18","title":{"rendered":"Kontakt"},"content":{"rendered":"\n<p><strong>S\u00eddlo:<\/strong> Z\u0160 a M\u0160 P\u00edsa\u0159ov, P\u00edsa\u0159ov 216, 789 91<br><strong>Adresa pro doru\u010dov\u00e1n\u00ed:<\/strong> P\u00edsa\u0159ov 70, 789 91<\/p>\n\n\n\n<p><strong>\u0158editel: <\/strong>Mgr. Ji\u0159\u00ed Pavlas, MBA<\/p>\n\n\n\n<p><strong>I\u010cO: <\/strong>750 294 72<\/p>\n\n\n\n<p><strong>Kontakty:<\/strong><\/p>\n\n\n\n<p>tel. Z\u00e1kladn\u00ed \u0161kola &#8211; sborovna: 799 545 145<br>tel. Z\u00e1kladn\u00ed \u0161kola &#8211; \u0159editel: 724 187 195<br>tel. Mate\u0159sk\u00e1 \u0161kola: 799 531 944<br>tel. \u0160koln\u00ed dru\u017eina: 799 531 945<br>tel. \u0160koln\u00ed j\u00eddelna: 725 854 980<br><strong>Datov\u00e1 schr\u00e1nka ID:<\/strong> wu6mghb<\/p>\n\n\n\n<p><strong>e &#8211; mail:<\/strong> zs.pisarov@email.cz (\u0159editel)<\/p>\n\n\n\n<p><strong>web:<\/strong> www.zspisarov.cz<\/p>\n\n\n\n<p>Facebook: @zspisarov<\/p>\n\n\n\n<p>V\u00edce zde: <a href=\"http:\/\/www.zspisarov.cz\/?page_id=18\" data-type=\"URL\" data-id=\"http:\/\/www.zspisarov.cz\/?page_id=18\">https:\/\/www.zspisarov.cz\/kontakt\/<\/a><\/p>\n","protected":false},"excerpt":{"rendered":"<p>S\u00eddlo: Z\u0160 a M\u0160 P\u00edsa\u0159ov, P\u00edsa\u0159ov 216, 789 91Adresa pro doru\u010dov\u00e1n\u00ed: P\u00edsa\u0159ov 70, 789 91 \u0158editel: Mgr. Ji\u0159\u00ed Pavlas, MBA I\u010cO: 750 294 72 Kontakty: tel. Z\u00e1kladn\u00ed \u0161kola &#8211; sborovna: 799 545 145tel. Z\u00e1kladn\u00ed \u0161kola &#8211; \u0159editel: 724 187 195tel.<\/p>\n","protected":false},"author":1,"featured_media":0,"parent":0,"menu_order":0,"comment_status":"closed","ping_status":"closed","template":"page-templates\/contact.php","meta":{"footnotes":""},"class_list":["post-18","page","type-page","status-publish","hentry"],"_links":{"self":[{"href":"https:\/\/www.zspisarov.cz\/index.php?rest_route=\/wp\/v2\/pages\/18","targetHints":{"allow":["GET"]}}],"collection":[{"href":"https:\/\/www.zspisarov.cz\/index.php?rest_route=\/wp\/v2\/pages"}],"about":[{"href":"https:\/\/www.zspisarov.cz\/index.php?rest_route=\/wp\/v2\/types\/page"}],"author":[{"embeddable":true,"href":"https:\/\/www.zspisarov.cz\/index.php?rest_route=\/wp\/v2\/users\/1"}],"replies":[{"embeddable":true,"href":"https:\/\/www.zspisarov.cz\/index.php?rest_route=%2Fwp%2Fv2%2Fcomments&post=18"}],"version-history":[{"count":5,"href":"https:\/\/www.zspisarov.cz\/index.php?rest_route=\/wp\/v2\/pages\/18\/revisions"}],"predecessor-version":[{"id":75,"href":"https:\/\/www.zspisarov.cz\/index.php?rest_route=\/wp\/v2\/pages\/18\/revisions\/75"}],"wp:attachment":[{"href":"https:\/\/www.zspisarov.cz\/index.php?rest_route=%2Fwp%2Fv2%2Fmedia&parent=18"}],"curies":[{"name":"wp","href":"https:\/\/api.w.org\/{rel}","templated":true}]}}