{"id":15,"date":"2023-03-28T11:10:03","date_gmt":"2023-03-28T09:10:03","guid":{"rendered":"http:\/\/www.zspisarov.cz\/?page_id=15"},"modified":"2025-10-30T10:59:47","modified_gmt":"2025-10-30T09:59:47","slug":"domu","status":"publish","type":"page","link":"https:\/\/www.zspisarov.cz\/","title":{"rendered":"\u00davod"},"content":{"rendered":"\n<p>Z\u00e1kladn\u00ed obecn\u00e9 informace o \u0161kole<\/p>\n\n\n\n<p><\/p>\n","protected":false},"excerpt":{"rendered":"<p>Z\u00e1kladn\u00ed obecn\u00e9 informace o \u0161kole<\/p>\n","protected":false},"author":1,"featured_media":0,"parent":0,"menu_order":0,"comment_status":"closed","ping_status":"closed","template":"page-templates\/business.php","meta":{"footnotes":""},"class_list":["post-15","page","type-page","status-publish","hentry"],"_links":{"self":[{"href":"https:\/\/www.zspisarov.cz\/index.php?rest_route=\/wp\/v2\/pages\/15","targetHints":{"allow":["GET"]}}],"collection":[{"href":"https:\/\/www.zspisarov.cz\/index.php?rest_route=\/wp\/v2\/pages"}],"about":[{"href":"https:\/\/www.zspisarov.cz\/index.php?rest_route=\/wp\/v2\/types\/page"}],"author":[{"embeddable":true,"href":"https:\/\/www.zspisarov.cz\/index.php?rest_route=\/wp\/v2\/users\/1"}],"replies":[{"embeddable":true,"href":"https:\/\/www.zspisarov.cz\/index.php?rest_route=%2Fwp%2Fv2%2Fcomments&post=15"}],"version-history":[{"count":6,"href":"https:\/\/www.zspisarov.cz\/index.php?rest_route=\/wp\/v2\/pages\/15\/revisions"}],"predecessor-version":[{"id":169,"href":"https:\/\/www.zspisarov.cz\/index.php?rest_route=\/wp\/v2\/pages\/15\/revisions\/169"}],"wp:attachment":[{"href":"https:\/\/www.zspisarov.cz\/index.php?rest_route=%2Fwp%2Fv2%2Fmedia&parent=15"}],"curies":[{"name":"wp","href":"https:\/\/api.w.org\/{rel}","templated":true}]}}