{"id":145,"date":"2025-10-20T23:14:13","date_gmt":"2025-10-20T21:14:13","guid":{"rendered":"http:\/\/www.zspisarov.cz\/?page_id=145"},"modified":"2026-03-02T21:07:24","modified_gmt":"2026-03-02T20:07:24","slug":"nas-tym","status":"publish","type":"page","link":"https:\/\/www.zspisarov.cz\/?page_id=145","title":{"rendered":"N\u00e1\u0161 t\u00fdm"},"content":{"rendered":"\n<p><strong>Zam\u011bstnanci Z\u0160 a M\u0160 P\u00edsa\u0159ov od 1.9.2025<\/strong><\/p>\n\n\n\n<p><strong>Z\u00e1kladn\u00ed \u0161kola a \u0161koln\u00ed dru\u017eina<\/strong><\/p>\n\n\n\n<p>Mgr. Ji\u0159\u00ed Pavlas, MBA, \u0159editel Z\u0160 a M\u0160, koordin\u00e1tor ICT, \u0161koln\u00ed metodik prevence<br>Mgr. Vladana P\u00e1vkov\u00e1, t\u0159\u00eddn\u00ed u\u010ditelka I. t\u0159\u00eddy, 1. z\u00e1stupce \u0159editele (pro Z\u0160 a \u0160D), v\u00fdch.poradce<br>Mgr. Kate\u0159ina Weingartov\u00e1, t\u0159\u00eddn\u00ed u\u010ditelka II. t\u0159\u00eddy, lektorka krou\u017eku<br>Mgr. Zuzana P\u00e1vkov\u00e1, t\u0159\u00eddn\u00ed u\u010ditelka III. t\u0159\u00eddy, lektorka krou\u017eku<br>Lucie Min\u00e1\u0159ov\u00e1, vedouc\u00ed vychovatelka \u0160D, u\u010ditelka M\u0160<br>Petra Samkov\u00e1, \u0161koln\u00ed asistent I. t\u0159\u00eddy, vychovatelka \u0160D<br>Nicola Schmidtov\u00e1, asistent pedagoga II. t\u0159\u00eddy, vychovatelka \u0160D<br>Gabriela Kosteleck\u00e1, asistent pedagoga III. t\u0159\u00eddy, vychovatelka \u0160D<br>Mgr. Hana Pavlasov\u00e1,\u00a0vychovatelka \u0160D<\/p>\n\n\n\n<p><strong>Mate\u0159sk\u00e1 \u0161kola<\/strong><\/p>\n\n\n\n<p>BBc. Ivana \u0160ulov\u00e1, 2. z\u00e1stupce \u0159editele (pro M\u0160 a \u0160J), u\u010ditelka M\u0160<br>Eva Brixov\u00e1, DiS., u\u010ditelka I. M\u0160<br>Anna Misiorzov\u00e1, u\u010ditelka II. t\u0159\u00eddy M\u0160<br>Hana Kleiblov\u00e1, u\u010ditelka M\u0160<br>Bc. Krist\u00fdna Janotov\u00e1, u\u010ditelka M\u0160<br>Sl\u00e1vka Tannertov\u00e1, asistent pedagoga v M\u0160, \u0161koln\u00ed asistent, \u0161kolnice<\/p>\n\n\n\n<p><strong>Provozn\u00ed zam\u011bstnanci, \u0161koln\u00ed j\u00eddelna<\/strong><\/p>\n\n\n\n<p>Alena Krobotov\u00e1, \u0161kolnice<br>Ivana \u0160lesingrov\u00e1, vedouc\u00ed \u0160J, pomocn\u00e1 kucha\u0159ka, administrativa, lektorka krou\u017eku \u0160D<br>Drahom\u00edra \u0160ebestov\u00e1, hlavn\u00ed kucha\u0159ka \u0161koln\u00ed j\u00eddelny<br>Marcela Winklerov\u00e1, DiS., hlavn\u00ed \u00fa\u010detn\u00ed (extern\u011b)<br>Ladislav V\u00edcenec, \u0161koln\u00edk (extern\u011b)<\/p>\n\n\n\n<p><\/p>\n","protected":false},"excerpt":{"rendered":"<p>Zam\u011bstnanci Z\u0160 a M\u0160 P\u00edsa\u0159ov od 1.9.2025 Z\u00e1kladn\u00ed \u0161kola a \u0161koln\u00ed dru\u017eina Mgr. Ji\u0159\u00ed Pavlas, MBA, \u0159editel Z\u0160 a M\u0160, koordin\u00e1tor ICT, \u0161koln\u00ed metodik prevenceMgr. Vladana P\u00e1vkov\u00e1, t\u0159\u00eddn\u00ed u\u010ditelka I. t\u0159\u00eddy, 1. z\u00e1stupce \u0159editele (pro Z\u0160 a \u0160D), v\u00fdch.poradceMgr. Kate\u0159ina<\/p>\n","protected":false},"author":1,"featured_media":0,"parent":0,"menu_order":0,"comment_status":"closed","ping_status":"closed","template":"","meta":{"footnotes":""},"class_list":["post-145","page","type-page","status-publish","hentry"],"_links":{"self":[{"href":"https:\/\/www.zspisarov.cz\/index.php?rest_route=\/wp\/v2\/pages\/145","targetHints":{"allow":["GET"]}}],"collection":[{"href":"https:\/\/www.zspisarov.cz\/index.php?rest_route=\/wp\/v2\/pages"}],"about":[{"href":"https:\/\/www.zspisarov.cz\/index.php?rest_route=\/wp\/v2\/types\/page"}],"author":[{"embeddable":true,"href":"https:\/\/www.zspisarov.cz\/index.php?rest_route=\/wp\/v2\/users\/1"}],"replies":[{"embeddable":true,"href":"https:\/\/www.zspisarov.cz\/index.php?rest_route=%2Fwp%2Fv2%2Fcomments&post=145"}],"version-history":[{"count":3,"href":"https:\/\/www.zspisarov.cz\/index.php?rest_route=\/wp\/v2\/pages\/145\/revisions"}],"predecessor-version":[{"id":203,"href":"https:\/\/www.zspisarov.cz\/index.php?rest_route=\/wp\/v2\/pages\/145\/revisions\/203"}],"wp:attachment":[{"href":"https:\/\/www.zspisarov.cz\/index.php?rest_route=%2Fwp%2Fv2%2Fmedia&parent=145"}],"curies":[{"name":"wp","href":"https:\/\/api.w.org\/{rel}","templated":true}]}}